{"id":4596,"date":"2018-11-27T09:17:08","date_gmt":"2018-11-27T09:17:08","guid":{"rendered":"https:\/\/followtheyellowshell.com\/about\/"},"modified":"2023-10-12T23:06:18","modified_gmt":"2023-10-12T22:06:18","slug":"a-propos-de","status":"publish","type":"page","link":"https:\/\/followtheyellowshell.com\/fr\/a-propos-de\/","title":{"rendered":"A propos de"},"content":{"rendered":"<div data-elementor-type=\"wp-post\" data-elementor-id=\"4596\" class=\"elementor elementor-4596\" data-elementor-post-type=\"page\">\n\t\t\t\t\t\t<section class=\"elementor-section elementor-top-section elementor-element elementor-element-d7d8b56 elementor-section-boxed elementor-section-height-default elementor-section-height-default\" data-id=\"d7d8b56\" data-element_type=\"section\" data-e-type=\"section\" data-settings=\"{&quot;background_background&quot;:&quot;classic&quot;}\">\n\t\t\t\t\t\t\t<div class=\"elementor-background-overlay\"><\/div>\n\t\t\t\t\t\t\t<div class=\"elementor-container elementor-column-gap-default\">\n\t\t\t\t\t<div class=\"elementor-column elementor-col-100 elementor-top-column elementor-element elementor-element-fd69444\" data-id=\"fd69444\" data-element_type=\"column\" data-e-type=\"column\">\n\t\t\t<div class=\"elementor-widget-wrap elementor-element-populated\">\n\t\t\t\t\t\t<div class=\"elementor-element elementor-element-abcc2f2 elementor-widget__width-initial elementor-widget elementor-widget-heading\" data-id=\"abcc2f2\" data-element_type=\"widget\" data-e-type=\"widget\" data-widget_type=\"heading.default\">\n\t\t\t\t<div class=\"elementor-widget-container\">\n\t\t\t\t\t<h1 class=\"elementor-heading-title elementor-size-default\">\u00e0 propos de<\/h1>\t\t\t\t<\/div>\n\t\t\t\t<\/div>\n\t\t\t\t\t<\/div>\n\t\t<\/div>\n\t\t\t\t\t<\/div>\n\t\t<\/section>\n\t\t\t\t<section class=\"elementor-section elementor-top-section elementor-element elementor-element-5c40d7b elementor-section-boxed elementor-section-height-default elementor-section-height-default\" data-id=\"5c40d7b\" data-element_type=\"section\" data-e-type=\"section\">\n\t\t\t\t\t\t<div class=\"elementor-container elementor-column-gap-default\">\n\t\t\t\t\t<div class=\"elementor-column elementor-col-50 elementor-top-column elementor-element elementor-element-2ebbf9c\" data-id=\"2ebbf9c\" data-element_type=\"column\" data-e-type=\"column\">\n\t\t\t<div class=\"elementor-widget-wrap elementor-element-populated\">\n\t\t\t\t\t\t<div class=\"elementor-element elementor-element-fe195c7 elementor-widget elementor-widget-heading\" data-id=\"fe195c7\" data-element_type=\"widget\" data-e-type=\"widget\" data-widget_type=\"heading.default\">\n\t\t\t\t<div class=\"elementor-widget-container\">\n\t\t\t\t\t<h2 class=\"elementor-heading-title elementor-size-default\">Guide du Camino de Santiago<\/h2>\t\t\t\t<\/div>\n\t\t\t\t<\/div>\n\t\t\t\t<div class=\"elementor-element elementor-element-dc051dd elementor-widget-divider--view-line elementor-widget elementor-widget-divider\" data-id=\"dc051dd\" data-element_type=\"widget\" data-e-type=\"widget\" data-widget_type=\"divider.default\">\n\t\t\t\t<div class=\"elementor-widget-container\">\n\t\t\t\t\t\t\t<div class=\"elementor-divider\">\n\t\t\t<span class=\"elementor-divider-separator\">\n\t\t\t\t\t\t<\/span>\n\t\t<\/div>\n\t\t\t\t\t\t<\/div>\n\t\t\t\t<\/div>\n\t\t\t\t<div class=\"elementor-element elementor-element-e5f497e elementor-widget elementor-widget-text-editor\" data-id=\"e5f497e\" data-element_type=\"widget\" data-e-type=\"widget\" data-widget_type=\"text-editor.default\">\n\t\t\t\t<div class=\"elementor-widget-container\">\n\t\t\t\t\t\t\t\t\t<p>Bienvenue sur le site Suivez la coquille jaune : Votre compagnon de p\u00e8lerinage sur le Camino de Santiago !<\/p><p>Bonjour, je suis Mark Stevens ! Je vis pour la marche de longue distance et quand<span style=\"font-style: inherit; color: var(--ast-global-color-3); background-color: var(--ast-global-color-4);\">\u00a0Lorsqu'il s'agit d'aventures \u00e0 pied et d'exp\u00e9riences \u00e9tonnantes, je suis au point.\u00a0<\/span><\/p><p><span style=\"font-style: inherit; color: var(--ast-global-color-3); background-color: var(--ast-global-color-4);\">Il y a huit ans, j'ai d\u00e9couvert le Camino de Santiago apr\u00e8s avoir vu le film \u2018Le Chemin\u2019 <\/span><span style=\"font-style: inherit; color: var(--ast-global-color-3); background-color: var(--ast-global-color-4);\">avec Martin Sheen et je n'ai jamais regard\u00e9 en arri\u00e8re depuis.\u00a0<\/span><\/p><div><div><p>Chez Follow the Yellow Shell, nous comprenons l'attrait unique et la signification spirituelle du Camino de Santiago. Je suis passionn\u00e9e par le fait de soutenir et de guider d'autres marcheurs dans leur voyage transformateur le long de cet ancien chemin de p\u00e8lerinage. Que vous entamiez votre premier p\u00e8lerinage ou que vous reveniez pour une nouvelle exp\u00e9rience profonde, je suis l\u00e0 pour vous accompagner \u00e0 chaque \u00e9tape du chemin.<\/p><p>Follow the Yellow Shell est n\u00e9 de mon amour personnel pour le Camino de Santiago et de l'impact profond qu'il a eu sur ma vie. Ma mission est de fournir aux p\u00e8lerins comme vous les ressources, les conseils et le soutien n\u00e9cessaires pour garantir une exp\u00e9rience significative et transformatrice du Camino.<\/p><p>Avec des ann\u00e9es d'exp\u00e9rience personnelle du p\u00e8lerinage et un lien profond avec la communaut\u00e9 du Camino, je suis bien \u00e9quip\u00e9 pour vous aider \u00e0 planifier et \u00e0 entreprendre votre p\u00e8lerinage. J'ai parcouru le Camino six fois sur diff\u00e9rents itin\u00e9raires, j'ai appr\u00e9ci\u00e9 la camaraderie des autres p\u00e8lerins et j'ai d\u00e9couvert les tr\u00e9sors cach\u00e9s qui font du Camino de Santiago un voyage qui change la vie.<\/p><p>Embrassez le pouvoir transformateur du Camino de Santiago, laissez vos pas se fondre dans l'ancien chemin et embarquez pour un p\u00e8lerinage qui enrichira votre \u00e2me et \u00e9largira votre perspective. Que vous soyez un p\u00e8lerin chevronn\u00e9 ou que vous mettiez les pieds sur le Camino pour la premi\u00e8re fois, laissez Follow the Yellow Shell \u00eatre votre compagnon de confiance, en vous fournissant des conseils, un soutien et un sentiment de camaraderie tout au long de votre p\u00e8lerinage.<\/p><p>Rejoignez-nous pour suivre le chemin de la coquille jaune, embrasser l'esprit p\u00e8lerin et cr\u00e9er des souvenirs et des liens durables le long du Camino de Santiago. Ensemble, embarquons pour un p\u00e8lerinage profond o\u00f9 le voyage est aussi important que la destination.<\/p><\/div><\/div>\t\t\t\t\t\t\t\t<\/div>\n\t\t\t\t<\/div>\n\t\t\t\t\t<\/div>\n\t\t<\/div>\n\t\t\t\t<div class=\"elementor-column elementor-col-50 elementor-top-column elementor-element elementor-element-e5fdae0\" data-id=\"e5fdae0\" data-element_type=\"column\" data-e-type=\"column\">\n\t\t\t<div class=\"elementor-widget-wrap elementor-element-populated\">\n\t\t\t\t\t\t<div class=\"elementor-element elementor-element-96b5b53 elementor-widget elementor-widget-image\" data-id=\"96b5b53\" data-element_type=\"widget\" data-e-type=\"widget\" data-widget_type=\"image.default\">\n\t\t\t\t<div class=\"elementor-widget-container\">\n\t\t\t\t\t\t\t\t\t\t\t\t\t\t\t<img fetchpriority=\"high\" decoding=\"async\" data-attachment-id=\"13801\" data-permalink=\"https:\/\/followtheyellowshell.com\/fr\/arrival-day-in-st-jean-pied-de-port\/pilgrims-in-st-jean-pied-du-pont\/\" data-orig-file=\"https:\/\/i0.wp.com\/followtheyellowshell.com\/wp-content\/uploads\/2016\/05\/pilgrims-in-st-jean-pied-du-pont.jpg?fit=1200%2C900&amp;ssl=1\" data-orig-size=\"1200,900\" data-comments-opened=\"1\" data-image-meta=\"{&quot;aperture&quot;:&quot;0&quot;,&quot;credit&quot;:&quot;&quot;,&quot;camera&quot;:&quot;&quot;,&quot;caption&quot;:&quot;&quot;,&quot;created_timestamp&quot;:&quot;0&quot;,&quot;copyright&quot;:&quot;&quot;,&quot;focal_length&quot;:&quot;0&quot;,&quot;iso&quot;:&quot;0&quot;,&quot;shutter_speed&quot;:&quot;0&quot;,&quot;title&quot;:&quot;&quot;,&quot;orientation&quot;:&quot;0&quot;}\" data-image-title=\"pilgrims in st jean pied du pont\" data-image-description=\"&lt;p&gt;pilgrims in st jean pied du pont&lt;\/p&gt;\" data-image-caption=\"&lt;p&gt;pilgrims in st jean pied du pont&lt;\/p&gt;\" data-large-file=\"https:\/\/i0.wp.com\/followtheyellowshell.com\/wp-content\/uploads\/2016\/05\/pilgrims-in-st-jean-pied-du-pont.jpg?fit=1024%2C768&amp;ssl=1\" width=\"1200\" height=\"900\" src=\"https:\/\/i0.wp.com\/followtheyellowshell.com\/wp-content\/uploads\/2016\/05\/pilgrims-in-st-jean-pied-du-pont.jpg?fit=1200%2C900&amp;ssl=1\" class=\"attachment-full size-full wp-image-13801\" alt=\"p\u00e8lerins \u00e0 st jean pied du pont\" srcset=\"https:\/\/i0.wp.com\/followtheyellowshell.com\/wp-content\/uploads\/2016\/05\/pilgrims-in-st-jean-pied-du-pont.jpg?w=1200&amp;ssl=1 1200w, https:\/\/i0.wp.com\/followtheyellowshell.com\/wp-content\/uploads\/2016\/05\/pilgrims-in-st-jean-pied-du-pont.jpg?resize=300%2C225&amp;ssl=1 300w, https:\/\/i0.wp.com\/followtheyellowshell.com\/wp-content\/uploads\/2016\/05\/pilgrims-in-st-jean-pied-du-pont.jpg?resize=1024%2C768&amp;ssl=1 1024w, https:\/\/i0.wp.com\/followtheyellowshell.com\/wp-content\/uploads\/2016\/05\/pilgrims-in-st-jean-pied-du-pont.jpg?resize=150%2C113&amp;ssl=1 150w, https:\/\/i0.wp.com\/followtheyellowshell.com\/wp-content\/uploads\/2016\/05\/pilgrims-in-st-jean-pied-du-pont.jpg?resize=768%2C576&amp;ssl=1 768w\" sizes=\"(max-width: 1200px) 100vw, 1200px\" \/>\t\t\t\t\t\t\t\t\t\t\t\t\t\t\t<\/div>\n\t\t\t\t<\/div>\n\t\t\t\t<div class=\"elementor-element elementor-element-bdf80ed elementor-widget elementor-widget-video\" data-id=\"bdf80ed\" data-element_type=\"widget\" data-e-type=\"widget\" data-settings=\"{&quot;youtube_url&quot;:&quot;https:\\\/\\\/youtu.be\\\/21QJ4nG6oyw&quot;,&quot;video_type&quot;:&quot;youtube&quot;,&quot;controls&quot;:&quot;yes&quot;}\" data-widget_type=\"video.default\">\n\t\t\t\t<div class=\"elementor-widget-container\">\n\t\t\t\t\t\t\t<div class=\"elementor-wrapper elementor-open-inline\">\n\t\t\t<div class=\"elementor-video\"><\/div>\t\t<\/div>\n\t\t\t\t\t\t<\/div>\n\t\t\t\t<\/div>\n\t\t\t\t\t<\/div>\n\t\t<\/div>\n\t\t\t\t\t<\/div>\n\t\t<\/section>\n\t\t\t\t<section class=\"elementor-section elementor-top-section elementor-element elementor-element-e716b47 elementor-section-boxed elementor-section-height-default elementor-section-height-default\" data-id=\"e716b47\" data-element_type=\"section\" data-e-type=\"section\">\n\t\t\t\t\t\t<div class=\"elementor-container elementor-column-gap-default\">\n\t\t\t\t\t<div class=\"elementor-column elementor-col-100 elementor-top-column elementor-element elementor-element-a17cb23\" data-id=\"a17cb23\" data-element_type=\"column\" data-e-type=\"column\">\n\t\t\t<div class=\"elementor-widget-wrap elementor-element-populated\">\n\t\t\t\t\t\t<div class=\"elementor-element elementor-element-ffea1c7 elementor-widget elementor-widget-template\" data-id=\"ffea1c7\" data-element_type=\"widget\" data-e-type=\"widget\" data-widget_type=\"template.default\">\n\t\t\t\t<div class=\"elementor-widget-container\">\n\t\t\t\t\t\t\t<div class=\"elementor-template\">\n\t\t\t\t\t<div data-elementor-type=\"section\" data-elementor-id=\"5337\" class=\"elementor elementor-5337\" data-elementor-post-type=\"elementor_library\">\n\t\t\t\t\t<section class=\"elementor-section elementor-top-section elementor-element elementor-element-4da8d55b elementor-section-boxed elementor-section-height-default elementor-section-height-default\" data-id=\"4da8d55b\" data-element_type=\"section\" data-e-type=\"section\">\n\t\t\t\t\t\t<div class=\"elementor-container elementor-column-gap-default\">\n\t\t\t\t\t<div class=\"elementor-column elementor-col-100 elementor-top-column elementor-element elementor-element-41e07396\" data-id=\"41e07396\" data-element_type=\"column\" data-e-type=\"column\">\n\t\t\t<div class=\"elementor-widget-wrap elementor-element-populated\">\n\t\t\t\t\t\t<div class=\"elementor-element elementor-element-4ff30792 elementor-cta--layout-image-left elementor-cta--skin-classic elementor-animated-content elementor-widget elementor-widget-call-to-action\" data-id=\"4ff30792\" data-element_type=\"widget\" data-e-type=\"widget\" data-widget_type=\"call-to-action.default\">\n\t\t\t\t<div class=\"elementor-widget-container\">\n\t\t\t\t\t\t\t<div class=\"elementor-cta\">\n\t\t\t\t\t<div class=\"elementor-cta__bg-wrapper\">\n\t\t\t\t<div class=\"elementor-cta__bg elementor-bg\" style=\"background-image: url(https:\/\/i0.wp.com\/followtheyellowshell.com\/wp-content\/uploads\/2022\/08\/s-path-road-2451831.jpg?fit=1024%2C682&#038;ssl=1);\" role=\"img\" aria-label=\"sac \u00e0 dos camino\"><\/div>\n\t\t\t\t<div class=\"elementor-cta__bg-overlay\"><\/div>\n\t\t\t<\/div>\n\t\t\t\t\t\t\t<div class=\"elementor-cta__content\">\n\t\t\t\t\n\t\t\t\t\t\t\t\t\t<h2 class=\"elementor-cta__title elementor-cta__content-item elementor-content-item\">\n\t\t\t\t\t\tListe d'emballage gratuite pour le Camino\t\t\t\t\t<\/h2>\n\t\t\t\t\n\t\t\t\t\t\t\t\t\t<div class=\"elementor-cta__description elementor-cta__content-item elementor-content-item\">\n\t\t\t\t\t\tJ'ai mis au point une liste simple de bagages l\u00e9gers pour le Camino apr\u00e8s avoir march\u00e9 plusieurs fois sur le Camino de Santiago. Si vous souhaitez voyager avec un sac l\u00e9ger, cette liste est faite pour vous.\t\t\t\t\t<\/div>\n\t\t\t\t\n\t\t\t\t\t\t\t\t\t<div class=\"elementor-cta__button-wrapper elementor-cta__content-item elementor-content-item\">\n\t\t\t\t\t<a class=\"elementor-cta__button elementor-button elementor-size-\" href=\"http:\/\/subscribepage.io\/caminopackinglist\" target=\"_blank\" rel=\"noopener\">\n\t\t\t\t\t\tOBTENIR LA LISTE DE COLISAGE\t\t\t\t\t<\/a>\n\t\t\t\t\t<\/div>\n\t\t\t\t\t\t\t<\/div>\n\t\t\t\t\t\t<\/div>\n\t\t\t\t\t\t<\/div>\n\t\t\t\t<\/div>\n\t\t\t\t\t<\/div>\n\t\t<\/div>\n\t\t\t\t\t<\/div>\n\t\t<\/section>\n\t\t\t\t<section class=\"elementor-section elementor-top-section elementor-element elementor-element-677aaf9 elementor-section-boxed elementor-section-height-default elementor-section-height-default\" data-id=\"677aaf9\" data-element_type=\"section\" data-e-type=\"section\">\n\t\t\t\t\t\t<div class=\"elementor-container elementor-column-gap-default\">\n\t\t\t\t\t<div class=\"elementor-column elementor-col-100 elementor-top-column elementor-element elementor-element-8076f77\" data-id=\"8076f77\" data-element_type=\"column\" data-e-type=\"column\">\n\t\t\t<div class=\"elementor-widget-wrap elementor-element-populated\">\n\t\t\t\t\t\t<div class=\"elementor-element elementor-element-10959a9 elementor-widget elementor-widget-text-editor\" data-id=\"10959a9\" data-element_type=\"widget\" data-e-type=\"widget\" data-widget_type=\"text-editor.default\">\n\t\t\t\t<div class=\"elementor-widget-container\">\n\t\t\t\t\t\t\t\t\t<p><em>Certains des liens ci-dessus sont des liens affili\u00e9s via amazon, le programme amazon influencer et d'autres partenaires, ce qui signifie que je recevrai une petite commission si vous achetez en utilisant mon lien. Cela ne co\u00fbte rien de plus \u00e0 l'acheteur et contribue \u00e0 financer mes aventures et la cr\u00e9ation continue de contenu pour tous mes lecteurs.<\/em><\/p>\t\t\t\t\t\t\t\t<\/div>\n\t\t\t\t<\/div>\n\t\t\t\t\t<\/div>\n\t\t<\/div>\n\t\t\t\t\t<\/div>\n\t\t<\/section>\n\t\t\t\t<\/div>\n\t\t\t\t<\/div>\n\t\t\t\t\t\t<\/div>\n\t\t\t\t<\/div>\n\t\t\t\t\t<\/div>\n\t\t<\/div>\n\t\t\t\t\t<\/div>\n\t\t<\/section>\n\t\t\t\t<\/div>\n\t\t<p><a href=\"\/\/www.pinterest.com\/pin\/create\/button\/\" data-pin-do=\"buttonBookmark\" data-pin-color=\"red\" data-pin-height=\"128\"><img data-recalc-dims=\"1\" decoding=\"async\" src=\"https:\/\/i0.wp.com\/assets.pinterest.com\/images\/pidgets\/pinit_fg_en_rect_red_28.png\" \/><\/a><\/p>","protected":false},"excerpt":{"rendered":"<p>about Camino de Santiago Guide Welcome to Follow the Yellow Shell: Your Pilgrimage Companion on the Camino de Santiago! Hi, [&hellip;]<\/p>\n","protected":false},"author":76405655,"featured_media":0,"parent":0,"menu_order":0,"comment_status":"closed","ping_status":"closed","template":"","meta":{"site-sidebar-layout":"no-sidebar","site-content-layout":"page-builder","ast-site-content-layout":"","site-content-style":"default","site-sidebar-style":"default","ast-global-header-display":"","ast-banner-title-visibility":"","ast-main-header-display":"","ast-hfb-above-header-display":"","ast-hfb-below-header-display":"","ast-hfb-mobile-header-display":"","site-post-title":"disabled","ast-breadcrumbs-content":"","ast-featured-img":"disabled","footer-sml-layout":"","theme-transparent-header-meta":"enabled","adv-header-id-meta":"","stick-header-meta":"","header-above-stick-meta":"","header-main-stick-meta":"","header-below-stick-meta":"","astra-migrate-meta-layouts":"default","ast-page-background-enabled":"default","ast-page-background-meta":{"desktop":{"background-color":"","background-image":"","background-repeat":"repeat","background-position":"center center","background-size":"auto","background-attachment":"scroll","background-type":"","background-media":"","overlay-type":"","overlay-color":"","overlay-gradient":""},"tablet":{"background-color":"","background-image":"","background-repeat":"repeat","background-position":"center center","background-size":"auto","background-attachment":"scroll","background-type":"","background-media":"","overlay-type":"","overlay-color":"","overlay-gradient":""},"mobile":{"background-color":"","background-image":"","background-repeat":"repeat","background-position":"center center","background-size":"auto","background-attachment":"scroll","background-type":"","background-media":"","overlay-type":"","overlay-color":"","overlay-gradient":""}},"ast-content-background-meta":{"desktop":{"background-color":"var(--ast-global-color-5)","background-image":"","background-repeat":"repeat","background-position":"center center","background-size":"auto","background-attachment":"scroll","background-type":"","background-media":"","overlay-type":"","overlay-color":"","overlay-gradient":""},"tablet":{"background-color":"var(--ast-global-color-5)","background-image":"","background-repeat":"repeat","background-position":"center center","background-size":"auto","background-attachment":"scroll","background-type":"","background-media":"","overlay-type":"","overlay-color":"","overlay-gradient":""},"mobile":{"background-color":"var(--ast-global-color-5)","background-image":"","background-repeat":"repeat","background-position":"center center","background-size":"auto","background-attachment":"scroll","background-type":"","background-media":"","overlay-type":"","overlay-color":"","overlay-gradient":""}},"footnotes":""},"class_list":["post-4596","page","type-page","status-publish","hentry"],"jetpack_likes_enabled":true,"jetpack_sharing_enabled":true,"jetpack_shortlink":"https:\/\/wp.me\/P5qlUV-1c8","_links":{"self":[{"href":"https:\/\/followtheyellowshell.com\/fr\/wp-json\/wp\/v2\/pages\/4596","targetHints":{"allow":["GET"]}}],"collection":[{"href":"https:\/\/followtheyellowshell.com\/fr\/wp-json\/wp\/v2\/pages"}],"about":[{"href":"https:\/\/followtheyellowshell.com\/fr\/wp-json\/wp\/v2\/types\/page"}],"author":[{"embeddable":true,"href":"https:\/\/followtheyellowshell.com\/fr\/wp-json\/wp\/v2\/users\/76405655"}],"replies":[{"embeddable":true,"href":"https:\/\/followtheyellowshell.com\/fr\/wp-json\/wp\/v2\/comments?post=4596"}],"version-history":[{"count":50,"href":"https:\/\/followtheyellowshell.com\/fr\/wp-json\/wp\/v2\/pages\/4596\/revisions"}],"predecessor-version":[{"id":17175,"href":"https:\/\/followtheyellowshell.com\/fr\/wp-json\/wp\/v2\/pages\/4596\/revisions\/17175"}],"wp:attachment":[{"href":"https:\/\/followtheyellowshell.com\/fr\/wp-json\/wp\/v2\/media?parent=4596"}],"curies":[{"name":"wp","href":"https:\/\/api.w.org\/{rel}","templated":true}]}}