{"id":4596,"date":"2018-11-27T09:17:08","date_gmt":"2018-11-27T09:17:08","guid":{"rendered":"https:\/\/followtheyellowshell.com\/about\/"},"modified":"2023-10-12T23:06:18","modified_gmt":"2023-10-12T22:06:18","slug":"acerca-de","status":"publish","type":"page","link":"https:\/\/followtheyellowshell.com\/es\/acerca-de\/","title":{"rendered":"Acerca de"},"content":{"rendered":"<div data-elementor-type=\"wp-post\" data-elementor-id=\"4596\" class=\"elementor elementor-4596\" data-elementor-post-type=\"page\">\n\t\t\t\t\t\t<section class=\"elementor-section elementor-top-section elementor-element elementor-element-d7d8b56 elementor-section-boxed elementor-section-height-default elementor-section-height-default\" data-id=\"d7d8b56\" data-element_type=\"section\" data-settings=\"{&quot;background_background&quot;:&quot;classic&quot;}\">\n\t\t\t\t\t\t\t<div class=\"elementor-background-overlay\"><\/div>\n\t\t\t\t\t\t\t<div class=\"elementor-container elementor-column-gap-default\">\n\t\t\t\t\t<div class=\"elementor-column elementor-col-100 elementor-top-column elementor-element elementor-element-fd69444\" data-id=\"fd69444\" data-element_type=\"column\">\n\t\t\t<div class=\"elementor-widget-wrap elementor-element-populated\">\n\t\t\t\t\t\t<div class=\"elementor-element elementor-element-abcc2f2 elementor-widget__width-initial elementor-widget elementor-widget-heading\" data-id=\"abcc2f2\" data-element_type=\"widget\" data-widget_type=\"heading.default\">\n\t\t\t\t<div class=\"elementor-widget-container\">\n\t\t\t\t\t<h1 class=\"elementor-heading-title elementor-size-default\">acerca de<\/h1>\t\t\t\t<\/div>\n\t\t\t\t<\/div>\n\t\t\t\t\t<\/div>\n\t\t<\/div>\n\t\t\t\t\t<\/div>\n\t\t<\/section>\n\t\t\t\t<section class=\"elementor-section elementor-top-section elementor-element elementor-element-5c40d7b elementor-section-boxed elementor-section-height-default elementor-section-height-default\" data-id=\"5c40d7b\" data-element_type=\"section\">\n\t\t\t\t\t\t<div class=\"elementor-container elementor-column-gap-default\">\n\t\t\t\t\t<div class=\"elementor-column elementor-col-50 elementor-top-column elementor-element elementor-element-2ebbf9c\" data-id=\"2ebbf9c\" data-element_type=\"column\">\n\t\t\t<div class=\"elementor-widget-wrap elementor-element-populated\">\n\t\t\t\t\t\t<div class=\"elementor-element elementor-element-fe195c7 elementor-widget elementor-widget-heading\" data-id=\"fe195c7\" data-element_type=\"widget\" data-widget_type=\"heading.default\">\n\t\t\t\t<div class=\"elementor-widget-container\">\n\t\t\t\t\t<h2 class=\"elementor-heading-title elementor-size-default\">Gu\u00eda del Camino de Santiago<\/h2>\t\t\t\t<\/div>\n\t\t\t\t<\/div>\n\t\t\t\t<div class=\"elementor-element elementor-element-dc051dd elementor-widget-divider--view-line elementor-widget elementor-widget-divider\" data-id=\"dc051dd\" data-element_type=\"widget\" data-widget_type=\"divider.default\">\n\t\t\t\t<div class=\"elementor-widget-container\">\n\t\t\t\t\t\t\t<div class=\"elementor-divider\">\n\t\t\t<span class=\"elementor-divider-separator\">\n\t\t\t\t\t\t<\/span>\n\t\t<\/div>\n\t\t\t\t\t\t<\/div>\n\t\t\t\t<\/div>\n\t\t\t\t<div class=\"elementor-element elementor-element-e5f497e elementor-widget elementor-widget-text-editor\" data-id=\"e5f497e\" data-element_type=\"widget\" data-widget_type=\"text-editor.default\">\n\t\t\t\t<div class=\"elementor-widget-container\">\n\t\t\t\t\t\t\t\t\t<p>Bienvenido a Siga la Concha Amarilla: \u00a1Tu compa\u00f1ero de peregrinaci\u00f3n en el Camino de Santiago!<\/p><p>Hola, soy Mark Stevens. Vivo para caminar largas distancias y cuando<span style=\"font-style: inherit; color: var(--ast-global-color-3); background-color: var(--ast-global-color-4);\">\u00a0cuando se trata de aventuras a pie y experiencias incre\u00edbles, lo tengo clavado.\u00a0<\/span><\/p><p><span style=\"font-style: inherit; color: var(--ast-global-color-3); background-color: var(--ast-global-color-4);\">Hace ocho a\u00f1os, descubr\u00ed el Camino de Santiago despu\u00e9s de ver la pel\u00edcula \u2018El Camino\u2019.\u2019 <\/span><span style=\"font-style: inherit; color: var(--ast-global-color-3); background-color: var(--ast-global-color-4);\">con Martin Sheen y no he mirado atr\u00e1s desde entonces.\u00a0<\/span><\/p><div><div><p>En Siga la Concha Amarilla, entendemos el encanto \u00fanico y el significado espiritual del Camino de Santiago. Me apasiona apoyar y guiar a otros caminantes en su viaje transformador a lo largo de esta antigua ruta de peregrinaci\u00f3n. Tanto si te embarcas en tu primera peregrinaci\u00f3n como si vuelves para vivir otra experiencia profunda, estoy aqu\u00ed para acompa\u00f1arte en cada paso del camino.<\/p><p>Follow the Yellow Shell naci\u00f3 de mi amor personal por el Camino de Santiago y del profundo impacto que ha tenido en mi vida. Mi misi\u00f3n es proporcionar a los peregrinos como t\u00fa los recursos, la orientaci\u00f3n y el apoyo necesarios para garantizar una experiencia significativa y transformadora del Camino.<\/p><p>Con a\u00f1os de experiencia personal en peregrinaciones y una profunda conexi\u00f3n con la comunidad del Camino, estoy bien equipado para ayudarte a planificar y emprender tu peregrinaci\u00f3n. He recorrido el Camino 6 veces en varias rutas, he abrazado la camarader\u00eda de los compa\u00f1eros peregrinos y he descubierto los tesoros ocultos que hacen del Camino de Santiago un viaje que cambia la vida.<\/p><p>Abraza el poder transformador del Camino de Santiago, deja que tus pasos se fundan con la antigua senda y emb\u00e1rcate en una peregrinaci\u00f3n que enriquecer\u00e1 tu alma y ampliar\u00e1 tu perspectiva. Tanto si eres un peregrino experimentado como si es la primera vez que pones un pie en el Camino, deja que Siga la Concha Amarilla sea tu compa\u00f1ero de confianza, proporcion\u00e1ndote gu\u00eda, apoyo y un sentimiento de camarader\u00eda a lo largo de tu peregrinaci\u00f3n.<\/p><p>\u00danete a nosotros para seguir el camino de la concha amarilla, abrazar el esp\u00edritu peregrino y crear recuerdos y conexiones duraderas a lo largo del Camino de Santiago. Embarqu\u00e9monos juntos en una profunda peregrinaci\u00f3n en la que el viaje es tan importante como el destino.<\/p><\/div><\/div>\t\t\t\t\t\t\t\t<\/div>\n\t\t\t\t<\/div>\n\t\t\t\t\t<\/div>\n\t\t<\/div>\n\t\t\t\t<div class=\"elementor-column elementor-col-50 elementor-top-column elementor-element elementor-element-e5fdae0\" data-id=\"e5fdae0\" data-element_type=\"column\">\n\t\t\t<div class=\"elementor-widget-wrap elementor-element-populated\">\n\t\t\t\t\t\t<div class=\"elementor-element elementor-element-96b5b53 elementor-widget elementor-widget-image\" data-id=\"96b5b53\" data-element_type=\"widget\" data-widget_type=\"image.default\">\n\t\t\t\t<div class=\"elementor-widget-container\">\n\t\t\t\t\t\t\t\t\t\t\t\t\t\t\t<img fetchpriority=\"high\" decoding=\"async\" data-attachment-id=\"13801\" data-permalink=\"https:\/\/followtheyellowshell.com\/es\/arrival-day-in-st-jean-pied-de-port\/pilgrims-in-st-jean-pied-du-pont\/\" data-orig-file=\"https:\/\/i0.wp.com\/followtheyellowshell.com\/wp-content\/uploads\/2016\/05\/pilgrims-in-st-jean-pied-du-pont.jpg?fit=1200%2C900&amp;ssl=1\" data-orig-size=\"1200,900\" data-comments-opened=\"1\" data-image-meta=\"{&quot;aperture&quot;:&quot;0&quot;,&quot;credit&quot;:&quot;&quot;,&quot;camera&quot;:&quot;&quot;,&quot;caption&quot;:&quot;&quot;,&quot;created_timestamp&quot;:&quot;0&quot;,&quot;copyright&quot;:&quot;&quot;,&quot;focal_length&quot;:&quot;0&quot;,&quot;iso&quot;:&quot;0&quot;,&quot;shutter_speed&quot;:&quot;0&quot;,&quot;title&quot;:&quot;&quot;,&quot;orientation&quot;:&quot;0&quot;}\" data-image-title=\"pilgrims in st jean pied du pont\" data-image-description=\"&lt;p&gt;pilgrims in st jean pied du pont&lt;\/p&gt;\" data-image-caption=\"&lt;p&gt;pilgrims in st jean pied du pont&lt;\/p&gt;\" data-medium-file=\"https:\/\/i0.wp.com\/followtheyellowshell.com\/wp-content\/uploads\/2016\/05\/pilgrims-in-st-jean-pied-du-pont.jpg?fit=300%2C225&amp;ssl=1\" data-large-file=\"https:\/\/i0.wp.com\/followtheyellowshell.com\/wp-content\/uploads\/2016\/05\/pilgrims-in-st-jean-pied-du-pont.jpg?fit=1024%2C768&amp;ssl=1\" width=\"1200\" height=\"900\" src=\"https:\/\/i0.wp.com\/followtheyellowshell.com\/wp-content\/uploads\/2016\/05\/pilgrims-in-st-jean-pied-du-pont.jpg?fit=1200%2C900&amp;ssl=1\" class=\"attachment-full size-full wp-image-13801\" alt=\"peregrinos en st jean pied du pont\" srcset=\"https:\/\/i0.wp.com\/followtheyellowshell.com\/wp-content\/uploads\/2016\/05\/pilgrims-in-st-jean-pied-du-pont.jpg?w=1200&amp;ssl=1 1200w, https:\/\/i0.wp.com\/followtheyellowshell.com\/wp-content\/uploads\/2016\/05\/pilgrims-in-st-jean-pied-du-pont.jpg?resize=300%2C225&amp;ssl=1 300w, https:\/\/i0.wp.com\/followtheyellowshell.com\/wp-content\/uploads\/2016\/05\/pilgrims-in-st-jean-pied-du-pont.jpg?resize=1024%2C768&amp;ssl=1 1024w, https:\/\/i0.wp.com\/followtheyellowshell.com\/wp-content\/uploads\/2016\/05\/pilgrims-in-st-jean-pied-du-pont.jpg?resize=150%2C113&amp;ssl=1 150w, https:\/\/i0.wp.com\/followtheyellowshell.com\/wp-content\/uploads\/2016\/05\/pilgrims-in-st-jean-pied-du-pont.jpg?resize=768%2C576&amp;ssl=1 768w\" sizes=\"(max-width: 1200px) 100vw, 1200px\" \/>\t\t\t\t\t\t\t\t\t\t\t\t\t\t\t<\/div>\n\t\t\t\t<\/div>\n\t\t\t\t<div class=\"elementor-element elementor-element-bdf80ed elementor-widget elementor-widget-video\" data-id=\"bdf80ed\" data-element_type=\"widget\" data-settings=\"{&quot;youtube_url&quot;:&quot;https:\\\/\\\/youtu.be\\\/21QJ4nG6oyw&quot;,&quot;video_type&quot;:&quot;youtube&quot;,&quot;controls&quot;:&quot;yes&quot;}\" data-widget_type=\"video.default\">\n\t\t\t\t<div class=\"elementor-widget-container\">\n\t\t\t\t\t\t\t<div class=\"elementor-wrapper elementor-open-inline\">\n\t\t\t<div class=\"elementor-video\"><\/div>\t\t<\/div>\n\t\t\t\t\t\t<\/div>\n\t\t\t\t<\/div>\n\t\t\t\t\t<\/div>\n\t\t<\/div>\n\t\t\t\t\t<\/div>\n\t\t<\/section>\n\t\t\t\t<section class=\"elementor-section elementor-top-section elementor-element elementor-element-e716b47 elementor-section-boxed elementor-section-height-default elementor-section-height-default\" data-id=\"e716b47\" data-element_type=\"section\">\n\t\t\t\t\t\t<div class=\"elementor-container elementor-column-gap-default\">\n\t\t\t\t\t<div class=\"elementor-column elementor-col-100 elementor-top-column elementor-element elementor-element-a17cb23\" data-id=\"a17cb23\" data-element_type=\"column\">\n\t\t\t<div class=\"elementor-widget-wrap elementor-element-populated\">\n\t\t\t\t\t\t<div class=\"elementor-element elementor-element-ffea1c7 elementor-widget elementor-widget-template\" data-id=\"ffea1c7\" data-element_type=\"widget\" data-widget_type=\"template.default\">\n\t\t\t\t<div class=\"elementor-widget-container\">\n\t\t\t\t\t\t\t<div class=\"elementor-template\">\n\t\t\t\t\t<div data-elementor-type=\"section\" data-elementor-id=\"5337\" class=\"elementor elementor-5337\" data-elementor-post-type=\"elementor_library\">\n\t\t\t\t\t<section class=\"elementor-section elementor-top-section elementor-element elementor-element-4da8d55b elementor-section-boxed elementor-section-height-default elementor-section-height-default\" data-id=\"4da8d55b\" data-element_type=\"section\">\n\t\t\t\t\t\t<div class=\"elementor-container elementor-column-gap-default\">\n\t\t\t\t\t<div class=\"elementor-column elementor-col-100 elementor-top-column elementor-element elementor-element-41e07396\" data-id=\"41e07396\" data-element_type=\"column\">\n\t\t\t<div class=\"elementor-widget-wrap elementor-element-populated\">\n\t\t\t\t\t\t<div class=\"elementor-element elementor-element-4ff30792 elementor-cta--layout-image-left elementor-cta--skin-classic elementor-animated-content elementor-widget elementor-widget-call-to-action\" data-id=\"4ff30792\" data-element_type=\"widget\" data-widget_type=\"call-to-action.default\">\n\t\t\t\t<div class=\"elementor-widget-container\">\n\t\t\t\t\t\t\t<div class=\"elementor-cta\">\n\t\t\t\t\t<div class=\"elementor-cta__bg-wrapper\">\n\t\t\t\t<div class=\"elementor-cta__bg elementor-bg\" style=\"background-image: url(https:\/\/i0.wp.com\/followtheyellowshell.com\/wp-content\/uploads\/2022\/08\/s-path-road-2451831.jpg?fit=1024%2C682&#038;ssl=1);\" role=\"img\" aria-label=\"mochila camino\"><\/div>\n\t\t\t\t<div class=\"elementor-cta__bg-overlay\"><\/div>\n\t\t\t<\/div>\n\t\t\t\t\t\t\t<div class=\"elementor-cta__content\">\n\t\t\t\t\n\t\t\t\t\t\t\t\t\t<h2 class=\"elementor-cta__title elementor-cta__content-item elementor-content-item\">\n\t\t\t\t\t\tLista de empaquetado gratuita para el Camino\t\t\t\t\t<\/h2>\n\t\t\t\t\n\t\t\t\t\t\t\t\t\t<div class=\"elementor-cta__description elementor-cta__content-item elementor-content-item\">\n\t\t\t\t\t\tHe desarrollado una sencilla y ligera lista de equipaje para el Camino despu\u00e9s de recorrer el Camino de Santiago en numerosas ocasiones. Si quieres viajar con una mochila ligera, esta es tu lista de equipaje.\t\t\t\t\t<\/div>\n\t\t\t\t\n\t\t\t\t\t\t\t\t\t<div class=\"elementor-cta__button-wrapper elementor-cta__content-item elementor-content-item\">\n\t\t\t\t\t<a class=\"elementor-cta__button elementor-button elementor-size-\" href=\"http:\/\/subscribepage.io\/caminopackinglist\" target=\"_blank\" rel=\"noopener\">\n\t\t\t\t\t\tOBTENER LA LISTA DE EMBALAJE\t\t\t\t\t<\/a>\n\t\t\t\t\t<\/div>\n\t\t\t\t\t\t\t<\/div>\n\t\t\t\t\t\t<\/div>\n\t\t\t\t\t\t<\/div>\n\t\t\t\t<\/div>\n\t\t\t\t\t<\/div>\n\t\t<\/div>\n\t\t\t\t\t<\/div>\n\t\t<\/section>\n\t\t\t\t<section class=\"elementor-section elementor-top-section elementor-element elementor-element-677aaf9 elementor-section-boxed elementor-section-height-default elementor-section-height-default\" data-id=\"677aaf9\" data-element_type=\"section\">\n\t\t\t\t\t\t<div class=\"elementor-container elementor-column-gap-default\">\n\t\t\t\t\t<div class=\"elementor-column elementor-col-100 elementor-top-column elementor-element elementor-element-8076f77\" data-id=\"8076f77\" data-element_type=\"column\">\n\t\t\t<div class=\"elementor-widget-wrap elementor-element-populated\">\n\t\t\t\t\t\t<div class=\"elementor-element elementor-element-10959a9 elementor-widget elementor-widget-text-editor\" data-id=\"10959a9\" data-element_type=\"widget\" data-widget_type=\"text-editor.default\">\n\t\t\t\t<div class=\"elementor-widget-container\">\n\t\t\t\t\t\t\t\t\t<p><em>Algunos de los enlaces anteriores son enlaces de afiliaci\u00f3n a trav\u00e9s de Amazon, el programa de influencers de Amazon y otros socios, lo que significa que recibir\u00e9 una peque\u00f1a comisi\u00f3n si compra utilizando mi enlace. Esto no le cuesta al comprador ning\u00fan dinero extra y ayuda a financiar mis aventuras y la creaci\u00f3n de contenido en curso para todos mis lectores.<\/em><\/p>\t\t\t\t\t\t\t\t<\/div>\n\t\t\t\t<\/div>\n\t\t\t\t\t<\/div>\n\t\t<\/div>\n\t\t\t\t\t<\/div>\n\t\t<\/section>\n\t\t\t\t<\/div>\n\t\t\t\t<\/div>\n\t\t\t\t\t\t<\/div>\n\t\t\t\t<\/div>\n\t\t\t\t\t<\/div>\n\t\t<\/div>\n\t\t\t\t\t<\/div>\n\t\t<\/section>\n\t\t\t\t<\/div>\n\t\t<p><a href=\"\/\/www.pinterest.com\/pin\/create\/button\/\" data-pin-do=\"buttonBookmark\" data-pin-color=\"red\" data-pin-height=\"128\"><img data-recalc-dims=\"1\" decoding=\"async\" src=\"https:\/\/i0.wp.com\/assets.pinterest.com\/images\/pidgets\/pinit_fg_en_rect_red_28.png\" \/><\/a><\/p>","protected":false},"excerpt":{"rendered":"<p>about Camino de Santiago Guide Welcome to Follow the Yellow Shell: Your Pilgrimage Companion on the Camino de Santiago! Hi, [&hellip;]<\/p>","protected":false},"author":76405655,"featured_media":0,"parent":0,"menu_order":0,"comment_status":"closed","ping_status":"closed","template":"","meta":{"site-sidebar-layout":"no-sidebar","site-content-layout":"page-builder","ast-site-content-layout":"","site-content-style":"default","site-sidebar-style":"default","ast-global-header-display":"","ast-banner-title-visibility":"","ast-main-header-display":"","ast-hfb-above-header-display":"","ast-hfb-below-header-display":"","ast-hfb-mobile-header-display":"","site-post-title":"disabled","ast-breadcrumbs-content":"","ast-featured-img":"disabled","footer-sml-layout":"","theme-transparent-header-meta":"enabled","adv-header-id-meta":"","stick-header-meta":"","header-above-stick-meta":"","header-main-stick-meta":"","header-below-stick-meta":"","astra-migrate-meta-layouts":"default","ast-page-background-enabled":"default","ast-page-background-meta":{"desktop":{"background-color":"","background-image":"","background-repeat":"repeat","background-position":"center center","background-size":"auto","background-attachment":"scroll","background-type":"","background-media":"","overlay-type":"","overlay-color":"","overlay-gradient":""},"tablet":{"background-color":"","background-image":"","background-repeat":"repeat","background-position":"center center","background-size":"auto","background-attachment":"scroll","background-type":"","background-media":"","overlay-type":"","overlay-color":"","overlay-gradient":""},"mobile":{"background-color":"","background-image":"","background-repeat":"repeat","background-position":"center center","background-size":"auto","background-attachment":"scroll","background-type":"","background-media":"","overlay-type":"","overlay-color":"","overlay-gradient":""}},"ast-content-background-meta":{"desktop":{"background-color":"var(--ast-global-color-5)","background-image":"","background-repeat":"repeat","background-position":"center center","background-size":"auto","background-attachment":"scroll","background-type":"","background-media":"","overlay-type":"","overlay-color":"","overlay-gradient":""},"tablet":{"background-color":"var(--ast-global-color-5)","background-image":"","background-repeat":"repeat","background-position":"center center","background-size":"auto","background-attachment":"scroll","background-type":"","background-media":"","overlay-type":"","overlay-color":"","overlay-gradient":""},"mobile":{"background-color":"var(--ast-global-color-5)","background-image":"","background-repeat":"repeat","background-position":"center center","background-size":"auto","background-attachment":"scroll","background-type":"","background-media":"","overlay-type":"","overlay-color":"","overlay-gradient":""}},"jetpack_post_was_ever_published":false,"footnotes":""},"class_list":["post-4596","page","type-page","status-publish","hentry"],"jetpack_likes_enabled":true,"jetpack_sharing_enabled":true,"jetpack_shortlink":"https:\/\/wp.me\/P5qlUV-1c8","_links":{"self":[{"href":"https:\/\/followtheyellowshell.com\/es\/wp-json\/wp\/v2\/pages\/4596","targetHints":{"allow":["GET"]}}],"collection":[{"href":"https:\/\/followtheyellowshell.com\/es\/wp-json\/wp\/v2\/pages"}],"about":[{"href":"https:\/\/followtheyellowshell.com\/es\/wp-json\/wp\/v2\/types\/page"}],"author":[{"embeddable":true,"href":"https:\/\/followtheyellowshell.com\/es\/wp-json\/wp\/v2\/users\/76405655"}],"replies":[{"embeddable":true,"href":"https:\/\/followtheyellowshell.com\/es\/wp-json\/wp\/v2\/comments?post=4596"}],"version-history":[{"count":50,"href":"https:\/\/followtheyellowshell.com\/es\/wp-json\/wp\/v2\/pages\/4596\/revisions"}],"predecessor-version":[{"id":17175,"href":"https:\/\/followtheyellowshell.com\/es\/wp-json\/wp\/v2\/pages\/4596\/revisions\/17175"}],"wp:attachment":[{"href":"https:\/\/followtheyellowshell.com\/es\/wp-json\/wp\/v2\/media?parent=4596"}],"curies":[{"name":"wp","href":"https:\/\/api.w.org\/{rel}","templated":true}]}}